{"id":4210,"date":"2023-06-16T22:36:59","date_gmt":"2023-06-16T20:36:59","guid":{"rendered":"https:\/\/globocamp.eu\/wp\/?page_id=4210"},"modified":"2023-07-18T15:24:13","modified_gmt":"2023-07-18T13:24:13","slug":"hinweise","status":"publish","type":"page","link":"https:\/\/globocamp.eu\/wp\/es\/pistas\/","title":{"rendered":"Sugerencias"},"content":{"rendered":"<ul class=\"wp-block-list\">\n<li>Los art\u00edculos de este sitio web est\u00e1n escritos primero por los autores en alem\u00e1n y luego se traducen autom\u00e1ticamente a todos los dem\u00e1s idiomas disponibles.<\/li>\n\n\n\n<li>Los art\u00edculos de nuestro blog m\u00e1s antiguos que a\u00fan no se han migrado se pueden encontrar en <a href=\"https:\/\/4x4camper.wordpress.com\/\" data-type=\"URL\" data-id=\"https:\/\/4x4camper.wordpress.com\/\" target=\"_blank\" rel=\"noreferrer noopener\">https:\/\/4x4camper.wordpress.com\/<\/a><\/li>\n<\/ul>","protected":false},"excerpt":{"rendered":"","protected":false},"author":1,"featured_media":0,"parent":0,"menu_order":0,"comment_status":"closed","ping_status":"closed","template":"","meta":{"jetpack_post_was_ever_published":false,"footnotes":""},"class_list":["post-4210","page","type-page","status-publish","hentry"],"jetpack_sharing_enabled":true,"jetpack_likes_enabled":true,"_links":{"self":[{"href":"https:\/\/globocamp.eu\/wp\/es\/wp-json\/wp\/v2\/pages\/4210","targetHints":{"allow":["GET"]}}],"collection":[{"href":"https:\/\/globocamp.eu\/wp\/es\/wp-json\/wp\/v2\/pages"}],"about":[{"href":"https:\/\/globocamp.eu\/wp\/es\/wp-json\/wp\/v2\/types\/page"}],"author":[{"embeddable":true,"href":"https:\/\/globocamp.eu\/wp\/es\/wp-json\/wp\/v2\/users\/1"}],"replies":[{"embeddable":true,"href":"https:\/\/globocamp.eu\/wp\/es\/wp-json\/wp\/v2\/comments?post=4210"}],"version-history":[{"count":3,"href":"https:\/\/globocamp.eu\/wp\/es\/wp-json\/wp\/v2\/pages\/4210\/revisions"}],"predecessor-version":[{"id":4239,"href":"https:\/\/globocamp.eu\/wp\/es\/wp-json\/wp\/v2\/pages\/4210\/revisions\/4239"}],"wp:attachment":[{"href":"https:\/\/globocamp.eu\/wp\/es\/wp-json\/wp\/v2\/media?parent=4210"}],"curies":[{"name":"gracias","href":"https:\/\/api.w.org\/{rel}","templated":true}]}}